{"id":1452,"date":"2022-10-24T16:43:51","date_gmt":"2022-10-24T14:43:51","guid":{"rendered":"https:\/\/www.garni-brunner.it\/?page_id=1452"},"modified":"2022-11-17T09:15:43","modified_gmt":"2022-11-17T08:15:43","slug":"sauna_it","status":"publish","type":"page","link":"https:\/\/www.premstl.it\/it\/sauna_it\/","title":{"rendered":"Sauna"},"content":{"rendered":"<p>La nostra piccola sauna si trova tra la L\u00e4rchenstube e la nuova casa vacanze.<br \/>\nPrevio accordo pu\u00f2 essere utilizzata individualmente da tutti gli ospiti.<br \/>\nPer rinfrescarsi c&#8217;\u00e8 una doccia a cascata, una doccia normale oppure si pu\u00f2 andare all&#8217;aria aperta, su uno sdraio o sulla neve.<br \/>\nChiediamo <strong>\u20ac 25,00<\/strong> per ogni riscaldamento.<\/p>\n<p><a href=\"https:\/\/premstl.it\/wp-content\/uploads\/2022\/11\/Sauna-1.jpg\" data-rel=\"lightbox-image-0\" data-rl_title=\"\" data-rl_caption=\"\" title=\"\"><img loading=\"lazy\" decoding=\"async\" class=\"alignnone wp-image-1901\" src=\"https:\/\/premstl.it\/wp-content\/uploads\/2022\/11\/Sauna-1-300x225.jpg\" alt=\"\" width=\"380\" height=\"285\" srcset=\"https:\/\/www.premstl.it\/wp-content\/uploads\/2022\/11\/Sauna-1-300x225.jpg 300w, https:\/\/www.premstl.it\/wp-content\/uploads\/2022\/11\/Sauna-1-1024x768.jpg 1024w, https:\/\/www.premstl.it\/wp-content\/uploads\/2022\/11\/Sauna-1-768x576.jpg 768w, https:\/\/www.premstl.it\/wp-content\/uploads\/2022\/11\/Sauna-1-1536x1152.jpg 1536w, https:\/\/www.premstl.it\/wp-content\/uploads\/2022\/11\/Sauna-1.jpg 1600w\" sizes=\"auto, (max-width: 380px) 100vw, 380px\" \/><\/a> \u00a0\u00a0 <a href=\"https:\/\/premstl.it\/wp-content\/uploads\/2022\/11\/Sauna-2.jpg\" data-rel=\"lightbox-image-1\" data-rl_title=\"\" data-rl_caption=\"\" title=\"\"><img loading=\"lazy\" decoding=\"async\" class=\"alignnone wp-image-1904\" src=\"https:\/\/premstl.it\/wp-content\/uploads\/2022\/11\/Sauna-2-300x225.jpg\" alt=\"\" width=\"380\" height=\"285\" srcset=\"https:\/\/www.premstl.it\/wp-content\/uploads\/2022\/11\/Sauna-2-300x225.jpg 300w, https:\/\/www.premstl.it\/wp-content\/uploads\/2022\/11\/Sauna-2-1024x768.jpg 1024w, https:\/\/www.premstl.it\/wp-content\/uploads\/2022\/11\/Sauna-2-768x576.jpg 768w, https:\/\/www.premstl.it\/wp-content\/uploads\/2022\/11\/Sauna-2-1536x1152.jpg 1536w, https:\/\/www.premstl.it\/wp-content\/uploads\/2022\/11\/Sauna-2.jpg 1600w\" sizes=\"auto, (max-width: 380px) 100vw, 380px\" \/><\/a><br \/>\n<a href=\"https:\/\/premstl.it\/wp-content\/uploads\/2022\/11\/IMG20220626162923.jpg\" data-rel=\"lightbox-image-2\" data-rl_title=\"\" data-rl_caption=\"\" title=\"\"><img loading=\"lazy\" decoding=\"async\" class=\"alignnone wp-image-1910\" src=\"https:\/\/premstl.it\/wp-content\/uploads\/2022\/11\/IMG20220626162923-300x225.jpg\" alt=\"\" width=\"380\" height=\"285\" srcset=\"https:\/\/www.premstl.it\/wp-content\/uploads\/2022\/11\/IMG20220626162923-300x225.jpg 300w, https:\/\/www.premstl.it\/wp-content\/uploads\/2022\/11\/IMG20220626162923-1024x768.jpg 1024w, https:\/\/www.premstl.it\/wp-content\/uploads\/2022\/11\/IMG20220626162923-768x576.jpg 768w, https:\/\/www.premstl.it\/wp-content\/uploads\/2022\/11\/IMG20220626162923-1536x1152.jpg 1536w, https:\/\/www.premstl.it\/wp-content\/uploads\/2022\/11\/IMG20220626162923.jpg 1600w\" sizes=\"auto, (max-width: 380px) 100vw, 380px\" \/><\/a> \u00a0\u00a0 <a href=\"https:\/\/premstl.it\/wp-content\/uploads\/2022\/11\/IMG20220626163324.jpg\" data-rel=\"lightbox-image-3\" data-rl_title=\"\" data-rl_caption=\"\" title=\"\"><img loading=\"lazy\" decoding=\"async\" class=\"alignnone wp-image-1895\" src=\"https:\/\/premstl.it\/wp-content\/uploads\/2022\/11\/IMG20220626163324-300x225.jpg\" alt=\"\" width=\"380\" height=\"285\" srcset=\"https:\/\/www.premstl.it\/wp-content\/uploads\/2022\/11\/IMG20220626163324-300x225.jpg 300w, https:\/\/www.premstl.it\/wp-content\/uploads\/2022\/11\/IMG20220626163324-1024x768.jpg 1024w, https:\/\/www.premstl.it\/wp-content\/uploads\/2022\/11\/IMG20220626163324-768x576.jpg 768w, https:\/\/www.premstl.it\/wp-content\/uploads\/2022\/11\/IMG20220626163324-1536x1152.jpg 1536w, https:\/\/www.premstl.it\/wp-content\/uploads\/2022\/11\/IMG20220626163324.jpg 1600w\" sizes=\"auto, (max-width: 380px) 100vw, 380px\" \/><\/a><\/p>\n","protected":false},"excerpt":{"rendered":"La nostra piccola sauna si trova tra la L\u00e4rchenstube e la nuova casa vacanze. Previo accordo pu\u00f2 essere utilizzata individualmente da tutti gli ospiti. Per rinfrescarsi c&#8217;\u00e8 una doccia a cascata, una doccia normale oppure si pu\u00f2 andare all&#8217;aria aperta, [&hellip;]","protected":false},"author":3,"featured_media":0,"parent":0,"menu_order":0,"comment_status":"closed","ping_status":"closed","template":"","meta":{"footnotes":""},"class_list":["post-1452","page","type-page","status-publish","hentry"],"yoast_head":"<!-- This site is optimized with the Yoast SEO plugin v27.4 - https:\/\/yoast.com\/product\/yoast-seo-wordpress\/ -->\n<title>Sauna - Premstlahof - Martell<\/title>\n<meta name=\"robots\" content=\"index, follow, max-snippet:-1, max-image-preview:large, max-video-preview:-1\" \/>\n<link rel=\"canonical\" href=\"https:\/\/www.premstl.it\/it\/sauna_it\/\" \/>\n<meta property=\"og:locale\" content=\"it_IT\" \/>\n<meta property=\"og:type\" content=\"article\" \/>\n<meta property=\"og:title\" content=\"Sauna - Premstlahof - Martell\" \/>\n<meta property=\"og:description\" content=\"La nostra piccola sauna si trova tra la L\u00e4rchenstube e la nuova casa vacanze. Previo accordo pu\u00f2 essere utilizzata individualmente da tutti gli ospiti. Per rinfrescarsi c&#8217;\u00e8 una doccia a cascata, una doccia normale oppure si pu\u00f2 andare all&#8217;aria aperta, [&hellip;]\" \/>\n<meta property=\"og:url\" content=\"https:\/\/www.premstl.it\/it\/sauna_it\/\" \/>\n<meta property=\"og:site_name\" content=\"Premstlahof - Martell\" \/>\n<meta property=\"article:publisher\" content=\"https:\/\/www.facebook.com\/people\/Premstlahof\/100063920710964\/\" \/>\n<meta property=\"article:modified_time\" content=\"2022-11-17T08:15:43+00:00\" \/>\n<meta property=\"og:image\" content=\"https:\/\/premstl.it\/wp-content\/uploads\/2022\/11\/Sauna-1-300x225.jpg\" \/>\n<meta name=\"twitter:card\" content=\"summary_large_image\" \/>\n<script type=\"application\/ld+json\" class=\"yoast-schema-graph\">{\"@context\":\"https:\\\/\\\/schema.org\",\"@graph\":[{\"@type\":\"WebPage\",\"@id\":\"https:\\\/\\\/www.premstl.it\\\/it\\\/sauna_it\\\/\",\"url\":\"https:\\\/\\\/www.premstl.it\\\/it\\\/sauna_it\\\/\",\"name\":\"Sauna - Premstlahof - Martell\",\"isPartOf\":{\"@id\":\"https:\\\/\\\/www.premstl.it\\\/#website\"},\"primaryImageOfPage\":{\"@id\":\"https:\\\/\\\/www.premstl.it\\\/it\\\/sauna_it\\\/#primaryimage\"},\"image\":{\"@id\":\"https:\\\/\\\/www.premstl.it\\\/it\\\/sauna_it\\\/#primaryimage\"},\"thumbnailUrl\":\"https:\\\/\\\/premstl.it\\\/wp-content\\\/uploads\\\/2022\\\/11\\\/Sauna-1-300x225.jpg\",\"datePublished\":\"2022-10-24T14:43:51+00:00\",\"dateModified\":\"2022-11-17T08:15:43+00:00\",\"breadcrumb\":{\"@id\":\"https:\\\/\\\/www.premstl.it\\\/it\\\/sauna_it\\\/#breadcrumb\"},\"inLanguage\":\"it-IT\",\"potentialAction\":[{\"@type\":\"ReadAction\",\"target\":[\"https:\\\/\\\/www.premstl.it\\\/it\\\/sauna_it\\\/\"]}]},{\"@type\":\"ImageObject\",\"inLanguage\":\"it-IT\",\"@id\":\"https:\\\/\\\/www.premstl.it\\\/it\\\/sauna_it\\\/#primaryimage\",\"url\":\"https:\\\/\\\/premstl.it\\\/wp-content\\\/uploads\\\/2022\\\/11\\\/Sauna-1-300x225.jpg\",\"contentUrl\":\"https:\\\/\\\/premstl.it\\\/wp-content\\\/uploads\\\/2022\\\/11\\\/Sauna-1-300x225.jpg\"},{\"@type\":\"BreadcrumbList\",\"@id\":\"https:\\\/\\\/www.premstl.it\\\/it\\\/sauna_it\\\/#breadcrumb\",\"itemListElement\":[{\"@type\":\"ListItem\",\"position\":1,\"name\":\"Startseite\",\"item\":\"https:\\\/\\\/www.premstl.it\\\/\"},{\"@type\":\"ListItem\",\"position\":2,\"name\":\"Sauna\"}]},{\"@type\":\"WebSite\",\"@id\":\"https:\\\/\\\/www.premstl.it\\\/#website\",\"url\":\"https:\\\/\\\/www.premstl.it\\\/\",\"name\":\"Premstlahof - Martell\",\"description\":\"Martelltal - S\u00fcdtirol\",\"publisher\":{\"@id\":\"https:\\\/\\\/www.premstl.it\\\/#organization\"},\"potentialAction\":[{\"@type\":\"SearchAction\",\"target\":{\"@type\":\"EntryPoint\",\"urlTemplate\":\"https:\\\/\\\/www.premstl.it\\\/?s={search_term_string}\"},\"query-input\":{\"@type\":\"PropertyValueSpecification\",\"valueRequired\":true,\"valueName\":\"search_term_string\"}}],\"inLanguage\":\"it-IT\"},{\"@type\":\"Organization\",\"@id\":\"https:\\\/\\\/www.premstl.it\\\/#organization\",\"name\":\"Premstlahof - Martell\",\"url\":\"https:\\\/\\\/www.premstl.it\\\/\",\"logo\":{\"@type\":\"ImageObject\",\"inLanguage\":\"it-IT\",\"@id\":\"https:\\\/\\\/www.premstl.it\\\/#\\\/schema\\\/logo\\\/image\\\/\",\"url\":\"https:\\\/\\\/www.premstl.it\\\/wp-content\\\/uploads\\\/2022\\\/08\\\/Logo_Premstlahof.png\",\"contentUrl\":\"https:\\\/\\\/www.premstl.it\\\/wp-content\\\/uploads\\\/2022\\\/08\\\/Logo_Premstlahof.png\",\"width\":387,\"height\":405,\"caption\":\"Premstlahof - Martell\"},\"image\":{\"@id\":\"https:\\\/\\\/www.premstl.it\\\/#\\\/schema\\\/logo\\\/image\\\/\"},\"sameAs\":[\"https:\\\/\\\/www.facebook.com\\\/people\\\/Premstlahof\\\/100063920710964\\\/\",\"https:\\\/\\\/www.instagram.com\\\/ferienhuette_premstlahof\\\/\"]}]}<\/script>\n<!-- \/ Yoast SEO plugin. -->","yoast_head_json":{"title":"Sauna - Premstlahof - Martell","robots":{"index":"index","follow":"follow","max-snippet":"max-snippet:-1","max-image-preview":"max-image-preview:large","max-video-preview":"max-video-preview:-1"},"canonical":"https:\/\/www.premstl.it\/it\/sauna_it\/","og_locale":"it_IT","og_type":"article","og_title":"Sauna - Premstlahof - Martell","og_description":"La nostra piccola sauna si trova tra la L\u00e4rchenstube e la nuova casa vacanze. Previo accordo pu\u00f2 essere utilizzata individualmente da tutti gli ospiti. Per rinfrescarsi c&#8217;\u00e8 una doccia a cascata, una doccia normale oppure si pu\u00f2 andare all&#8217;aria aperta, [&hellip;]","og_url":"https:\/\/www.premstl.it\/it\/sauna_it\/","og_site_name":"Premstlahof - Martell","article_publisher":"https:\/\/www.facebook.com\/people\/Premstlahof\/100063920710964\/","article_modified_time":"2022-11-17T08:15:43+00:00","og_image":[{"url":"https:\/\/premstl.it\/wp-content\/uploads\/2022\/11\/Sauna-1-300x225.jpg","type":"","width":"","height":""}],"twitter_card":"summary_large_image","schema":{"@context":"https:\/\/schema.org","@graph":[{"@type":"WebPage","@id":"https:\/\/www.premstl.it\/it\/sauna_it\/","url":"https:\/\/www.premstl.it\/it\/sauna_it\/","name":"Sauna - Premstlahof - Martell","isPartOf":{"@id":"https:\/\/www.premstl.it\/#website"},"primaryImageOfPage":{"@id":"https:\/\/www.premstl.it\/it\/sauna_it\/#primaryimage"},"image":{"@id":"https:\/\/www.premstl.it\/it\/sauna_it\/#primaryimage"},"thumbnailUrl":"https:\/\/premstl.it\/wp-content\/uploads\/2022\/11\/Sauna-1-300x225.jpg","datePublished":"2022-10-24T14:43:51+00:00","dateModified":"2022-11-17T08:15:43+00:00","breadcrumb":{"@id":"https:\/\/www.premstl.it\/it\/sauna_it\/#breadcrumb"},"inLanguage":"it-IT","potentialAction":[{"@type":"ReadAction","target":["https:\/\/www.premstl.it\/it\/sauna_it\/"]}]},{"@type":"ImageObject","inLanguage":"it-IT","@id":"https:\/\/www.premstl.it\/it\/sauna_it\/#primaryimage","url":"https:\/\/premstl.it\/wp-content\/uploads\/2022\/11\/Sauna-1-300x225.jpg","contentUrl":"https:\/\/premstl.it\/wp-content\/uploads\/2022\/11\/Sauna-1-300x225.jpg"},{"@type":"BreadcrumbList","@id":"https:\/\/www.premstl.it\/it\/sauna_it\/#breadcrumb","itemListElement":[{"@type":"ListItem","position":1,"name":"Startseite","item":"https:\/\/www.premstl.it\/"},{"@type":"ListItem","position":2,"name":"Sauna"}]},{"@type":"WebSite","@id":"https:\/\/www.premstl.it\/#website","url":"https:\/\/www.premstl.it\/","name":"Premstlahof - Martell","description":"Martelltal - S\u00fcdtirol","publisher":{"@id":"https:\/\/www.premstl.it\/#organization"},"potentialAction":[{"@type":"SearchAction","target":{"@type":"EntryPoint","urlTemplate":"https:\/\/www.premstl.it\/?s={search_term_string}"},"query-input":{"@type":"PropertyValueSpecification","valueRequired":true,"valueName":"search_term_string"}}],"inLanguage":"it-IT"},{"@type":"Organization","@id":"https:\/\/www.premstl.it\/#organization","name":"Premstlahof - Martell","url":"https:\/\/www.premstl.it\/","logo":{"@type":"ImageObject","inLanguage":"it-IT","@id":"https:\/\/www.premstl.it\/#\/schema\/logo\/image\/","url":"https:\/\/www.premstl.it\/wp-content\/uploads\/2022\/08\/Logo_Premstlahof.png","contentUrl":"https:\/\/www.premstl.it\/wp-content\/uploads\/2022\/08\/Logo_Premstlahof.png","width":387,"height":405,"caption":"Premstlahof - Martell"},"image":{"@id":"https:\/\/www.premstl.it\/#\/schema\/logo\/image\/"},"sameAs":["https:\/\/www.facebook.com\/people\/Premstlahof\/100063920710964\/","https:\/\/www.instagram.com\/ferienhuette_premstlahof\/"]}]}},"_links":{"self":[{"href":"https:\/\/www.premstl.it\/it\/wp-json\/wp\/v2\/pages\/1452","targetHints":{"allow":["GET"]}}],"collection":[{"href":"https:\/\/www.premstl.it\/it\/wp-json\/wp\/v2\/pages"}],"about":[{"href":"https:\/\/www.premstl.it\/it\/wp-json\/wp\/v2\/types\/page"}],"author":[{"embeddable":true,"href":"https:\/\/www.premstl.it\/it\/wp-json\/wp\/v2\/users\/3"}],"replies":[{"embeddable":true,"href":"https:\/\/www.premstl.it\/it\/wp-json\/wp\/v2\/comments?post=1452"}],"version-history":[{"count":4,"href":"https:\/\/www.premstl.it\/it\/wp-json\/wp\/v2\/pages\/1452\/revisions"}],"predecessor-version":[{"id":2039,"href":"https:\/\/www.premstl.it\/it\/wp-json\/wp\/v2\/pages\/1452\/revisions\/2039"}],"wp:attachment":[{"href":"https:\/\/www.premstl.it\/it\/wp-json\/wp\/v2\/media?parent=1452"}],"curies":[{"name":"wp","href":"https:\/\/api.w.org\/{rel}","templated":true}]}}