{"id":1040,"date":"2022-02-01T15:31:52","date_gmt":"2022-02-01T14:31:52","guid":{"rendered":"https:\/\/www.metropolis-brunner.webteam2000.biz\/?page_id=1040"},"modified":"2024-03-12T15:21:04","modified_gmt":"2024-03-12T14:21:04","slug":"prezzi_it-2","status":"publish","type":"page","link":"https:\/\/www.premstl.it\/it\/prezzi_it-2\/","title":{"rendered":"Prezzi"},"content":{"rendered":"<p>&#8220;<strong>Appartamento L\u00e4rchenstube<\/strong>&#8221; 2 persone <strong>125 \u20ac<\/strong> a notte<br \/>\n\u201c<strong>Casa vacanze Premstlahof<\/strong>&#8221; 2-4 persone da <strong>150 \u20ac<\/strong> a notte per 2 persone<br \/>\n&#8220;<strong>Premstlahof chalet<\/strong>&#8221; 2-6 persone da <strong>200 \u20ac<\/strong> a notte per 2 persone<\/p>\n<p><strong>\u20ac 20,00\/notte<\/strong> per ogni ulteriore persona.<\/p>\n<p>Questi sono prezzi base. Saremo lieti di inviarvi un&#8217;offerta non vincolante a seconda del numero di persone\/bambini, della stagione e della durata del soggiorno.<\/p>\n<p>Per soggiorni brevi di 2-3 notti verr\u00e0 addebitato un supplemento di \u20ac 50,00 per la pulizia finale.<\/p>\n<p><strong>Soggiorno minimo:<\/strong><br \/>\n2 notti da ottobre a maggio<br \/>\n6 notti da giugno a settembre<\/p>\n<p><strong>Weekend di relax<\/strong> al Premstlahof da venerd\u00ec a domenica (pulizia finale inclusa)&#8230;<\/p>\n<p>\u201e<strong>Chalet Premstlahof<\/strong> \u201c 2-4 persone <strong>500<\/strong><strong> \u20ac<\/strong><br \/>\n\u201e<strong>Casa vacanze Premstlahof<\/strong>\u00a0\u201c 2-4 persone <strong>400<\/strong><strong> \u20ac<\/strong><br \/>\n\u201e<strong>L\u00e4rchenstube<\/strong>\u201c 2 persone <strong>300<\/strong><\/p>\n<p><strong>Incluso nel prezzo:<\/strong><br \/>\nParcheggio<br \/>\nWi-Fi (fibra ottica)<br \/>\nSalotto, mobili da giardino, barbecue, prato\/terrazza prendisole<br \/>\nAsciugamani (compreso il cambio per soggiorni pi\u00f9 lunghi)<br \/>\nBiancheria da letto, strofinacci<br \/>\nAttrezzature per bambini piccoli<br \/>\nAttrezzatura da cucina completa<\/p>\n<p><strong>Sauna:<\/strong><br \/>\nLa nostra piccola sauna pu\u00f2 essere utilizzata individualmente da tutti gli ospiti previo accordo.<br \/>\nRiscaldamento sauna: 25\u20ac<\/p>\n<p><strong>Lavatrice:<\/strong><br \/>\nLa lavatrice, l&#8217;asciugatrice e lo stendibiancheria possono essere utilizzati previo accordo nella lavanderia accanto alla sauna.<br \/>\nCosto per lavaggio: 8 \u20ac<br \/>\nCosto asciugatrice: 8 \u20ac<\/p>\n<p><strong>Tassa di soggiorno:<\/strong><br \/>\nLa tassa di soggiorno di <strong>2,50<\/strong> euro per ospite e notte \u00e8 riscossa dagli albergatori. L&#8217;importo di questa tassa comunale dipende dalla categoria dell&#8217;esercizio alberghiero. Sono esenti dalla tassa i bambini e i ragazzi di et\u00e0 inferiore ai 14 anni. La tassa di soggiorno \u00e8 dovuta alla partenza ed \u00e8 indicata separatamente sulla fattura.<\/p>\n<p><strong>Pagamenti:<\/strong><br \/>\nSfortunatamente non possiamo accettare pagamenti con carta.<br \/>\nIl limite per i pagamenti in contanti viene costantemente modificato dal legislatore. Si prega di leggere attentamente le informazioni sulla conferma della prenotazione.<br \/>\nAnche le informazioni sul bonifico si trovano sulla conferma della prenotazione.<\/p>\n<p><strong>Arrivo e partenza:<\/strong><br \/>\nTutti i giorni della settimana, preferibilmente dal luned\u00ec al sabato.<br \/>\nIl giorno del vostro arrivo l&#8217;alloggio sar\u00e0 disponibile dalle 15:00.<br \/>\nIl giorno di partenza vi preghiamo di liberare la camera entro le ore 9:00.<\/p>\n<p><strong>Animali non ammessi.<\/strong><\/p>\n<p>\u00c8 consentito fumare solo all&#8217;esterno, ma non nel cortile.<\/p>\n<p><strong>Cancellazioni:<\/strong><br \/>\nIn caso di cancellazione entro 4 settimane prima dell\u2019arrivo, ci riserviamo il diritto di addebitare il 50% del prezzo di prenotazione. In caso di cancellazione a breve termine entro 2 settimane prima dell&#8217;inizio del viaggio, arrivo posticipato o partenza anticipata, verr\u00e0 addebitato il costo per l&#8217;intero periodo prenotato. Chiediamo la vostra comprensione e vi consigliamo di stipulare un&#8217;assicurazione per l&#8217;annullamento del viaggio (&#8220;Protezione per l&#8217;annullamento del Gallo Rosso&#8221;).<\/p>\n<p><strong>Sostenibilit\u00e0:<\/strong><br \/>\n-Utilizzo di materiali naturali come legno, legno di recupero, pietra<br \/>\n-Energia elettrica da fonti rinnovabili (energia idroelettrica e fotovoltaico)<br \/>\n&#8211; Acqua potabile: propria sorgente e prodotti di produzione propria per evitare imballaggi in plastica e lunghi percorsi di trasporto<br \/>\n&#8211; Osservare la raccolta differenziata, utilizzare i cestini offerti e la compostiera<\/p>\n","protected":false},"excerpt":{"rendered":"&#8220;Appartamento L\u00e4rchenstube&#8221; 2 persone 125 \u20ac a notte \u201cCasa vacanze Premstlahof&#8221; 2-4 persone da 150 \u20ac a notte per 2 persone &#8220;Premstlahof chalet&#8221; 2-6 persone da 200 \u20ac a notte per 2 persone \u20ac 20,00\/notte per ogni ulteriore persona. Questi [&hellip;]","protected":false},"author":3,"featured_media":0,"parent":0,"menu_order":0,"comment_status":"closed","ping_status":"closed","template":"","meta":{"footnotes":""},"class_list":["post-1040","page","type-page","status-publish","hentry"],"yoast_head":"<!-- This site is optimized with the Yoast SEO plugin v27.4 - https:\/\/yoast.com\/product\/yoast-seo-wordpress\/ -->\n<title>Prezzi - Premstlahof - Martell<\/title>\n<meta name=\"robots\" content=\"index, follow, max-snippet:-1, max-image-preview:large, max-video-preview:-1\" \/>\n<link rel=\"canonical\" href=\"https:\/\/www.premstl.it\/it\/prezzi_it-2\/\" \/>\n<meta property=\"og:locale\" content=\"it_IT\" \/>\n<meta property=\"og:type\" content=\"article\" \/>\n<meta property=\"og:title\" content=\"Prezzi - Premstlahof - Martell\" \/>\n<meta property=\"og:description\" content=\"&#8220;Appartamento L\u00e4rchenstube&#8221; 2 persone 125 \u20ac a notte \u201cCasa vacanze Premstlahof&#8221; 2-4 persone da 150 \u20ac a notte per 2 persone &#8220;Premstlahof chalet&#8221; 2-6 persone da 200 \u20ac a notte per 2 persone \u20ac 20,00\/notte per ogni ulteriore persona. Questi [&hellip;]\" \/>\n<meta property=\"og:url\" content=\"https:\/\/www.premstl.it\/it\/prezzi_it-2\/\" \/>\n<meta property=\"og:site_name\" content=\"Premstlahof - Martell\" \/>\n<meta property=\"article:publisher\" content=\"https:\/\/www.facebook.com\/people\/Premstlahof\/100063920710964\/\" \/>\n<meta property=\"article:modified_time\" content=\"2024-03-12T14:21:04+00:00\" \/>\n<meta name=\"twitter:card\" content=\"summary_large_image\" \/>\n<meta name=\"twitter:label1\" content=\"Tempo di lettura stimato\" \/>\n\t<meta name=\"twitter:data1\" content=\"3 minuti\" \/>\n<script type=\"application\/ld+json\" class=\"yoast-schema-graph\">{\"@context\":\"https:\\\/\\\/schema.org\",\"@graph\":[{\"@type\":\"WebPage\",\"@id\":\"https:\\\/\\\/www.premstl.it\\\/it\\\/prezzi_it-2\\\/\",\"url\":\"https:\\\/\\\/www.premstl.it\\\/it\\\/prezzi_it-2\\\/\",\"name\":\"Prezzi - Premstlahof - Martell\",\"isPartOf\":{\"@id\":\"https:\\\/\\\/www.premstl.it\\\/#website\"},\"datePublished\":\"2022-02-01T14:31:52+00:00\",\"dateModified\":\"2024-03-12T14:21:04+00:00\",\"breadcrumb\":{\"@id\":\"https:\\\/\\\/www.premstl.it\\\/it\\\/prezzi_it-2\\\/#breadcrumb\"},\"inLanguage\":\"it-IT\",\"potentialAction\":[{\"@type\":\"ReadAction\",\"target\":[\"https:\\\/\\\/www.premstl.it\\\/it\\\/prezzi_it-2\\\/\"]}]},{\"@type\":\"BreadcrumbList\",\"@id\":\"https:\\\/\\\/www.premstl.it\\\/it\\\/prezzi_it-2\\\/#breadcrumb\",\"itemListElement\":[{\"@type\":\"ListItem\",\"position\":1,\"name\":\"Startseite\",\"item\":\"https:\\\/\\\/www.premstl.it\\\/\"},{\"@type\":\"ListItem\",\"position\":2,\"name\":\"Prezzi\"}]},{\"@type\":\"WebSite\",\"@id\":\"https:\\\/\\\/www.premstl.it\\\/#website\",\"url\":\"https:\\\/\\\/www.premstl.it\\\/\",\"name\":\"Premstlahof - Martell\",\"description\":\"Martelltal - S\u00fcdtirol\",\"publisher\":{\"@id\":\"https:\\\/\\\/www.premstl.it\\\/#organization\"},\"potentialAction\":[{\"@type\":\"SearchAction\",\"target\":{\"@type\":\"EntryPoint\",\"urlTemplate\":\"https:\\\/\\\/www.premstl.it\\\/?s={search_term_string}\"},\"query-input\":{\"@type\":\"PropertyValueSpecification\",\"valueRequired\":true,\"valueName\":\"search_term_string\"}}],\"inLanguage\":\"it-IT\"},{\"@type\":\"Organization\",\"@id\":\"https:\\\/\\\/www.premstl.it\\\/#organization\",\"name\":\"Premstlahof - Martell\",\"url\":\"https:\\\/\\\/www.premstl.it\\\/\",\"logo\":{\"@type\":\"ImageObject\",\"inLanguage\":\"it-IT\",\"@id\":\"https:\\\/\\\/www.premstl.it\\\/#\\\/schema\\\/logo\\\/image\\\/\",\"url\":\"https:\\\/\\\/www.premstl.it\\\/wp-content\\\/uploads\\\/2022\\\/08\\\/Logo_Premstlahof.png\",\"contentUrl\":\"https:\\\/\\\/www.premstl.it\\\/wp-content\\\/uploads\\\/2022\\\/08\\\/Logo_Premstlahof.png\",\"width\":387,\"height\":405,\"caption\":\"Premstlahof - Martell\"},\"image\":{\"@id\":\"https:\\\/\\\/www.premstl.it\\\/#\\\/schema\\\/logo\\\/image\\\/\"},\"sameAs\":[\"https:\\\/\\\/www.facebook.com\\\/people\\\/Premstlahof\\\/100063920710964\\\/\",\"https:\\\/\\\/www.instagram.com\\\/ferienhuette_premstlahof\\\/\"]}]}<\/script>\n<!-- \/ Yoast SEO plugin. -->","yoast_head_json":{"title":"Prezzi - Premstlahof - Martell","robots":{"index":"index","follow":"follow","max-snippet":"max-snippet:-1","max-image-preview":"max-image-preview:large","max-video-preview":"max-video-preview:-1"},"canonical":"https:\/\/www.premstl.it\/it\/prezzi_it-2\/","og_locale":"it_IT","og_type":"article","og_title":"Prezzi - Premstlahof - Martell","og_description":"&#8220;Appartamento L\u00e4rchenstube&#8221; 2 persone 125 \u20ac a notte \u201cCasa vacanze Premstlahof&#8221; 2-4 persone da 150 \u20ac a notte per 2 persone &#8220;Premstlahof chalet&#8221; 2-6 persone da 200 \u20ac a notte per 2 persone \u20ac 20,00\/notte per ogni ulteriore persona. Questi [&hellip;]","og_url":"https:\/\/www.premstl.it\/it\/prezzi_it-2\/","og_site_name":"Premstlahof - Martell","article_publisher":"https:\/\/www.facebook.com\/people\/Premstlahof\/100063920710964\/","article_modified_time":"2024-03-12T14:21:04+00:00","twitter_card":"summary_large_image","twitter_misc":{"Tempo di lettura stimato":"3 minuti"},"schema":{"@context":"https:\/\/schema.org","@graph":[{"@type":"WebPage","@id":"https:\/\/www.premstl.it\/it\/prezzi_it-2\/","url":"https:\/\/www.premstl.it\/it\/prezzi_it-2\/","name":"Prezzi - Premstlahof - Martell","isPartOf":{"@id":"https:\/\/www.premstl.it\/#website"},"datePublished":"2022-02-01T14:31:52+00:00","dateModified":"2024-03-12T14:21:04+00:00","breadcrumb":{"@id":"https:\/\/www.premstl.it\/it\/prezzi_it-2\/#breadcrumb"},"inLanguage":"it-IT","potentialAction":[{"@type":"ReadAction","target":["https:\/\/www.premstl.it\/it\/prezzi_it-2\/"]}]},{"@type":"BreadcrumbList","@id":"https:\/\/www.premstl.it\/it\/prezzi_it-2\/#breadcrumb","itemListElement":[{"@type":"ListItem","position":1,"name":"Startseite","item":"https:\/\/www.premstl.it\/"},{"@type":"ListItem","position":2,"name":"Prezzi"}]},{"@type":"WebSite","@id":"https:\/\/www.premstl.it\/#website","url":"https:\/\/www.premstl.it\/","name":"Premstlahof - Martell","description":"Martelltal - S\u00fcdtirol","publisher":{"@id":"https:\/\/www.premstl.it\/#organization"},"potentialAction":[{"@type":"SearchAction","target":{"@type":"EntryPoint","urlTemplate":"https:\/\/www.premstl.it\/?s={search_term_string}"},"query-input":{"@type":"PropertyValueSpecification","valueRequired":true,"valueName":"search_term_string"}}],"inLanguage":"it-IT"},{"@type":"Organization","@id":"https:\/\/www.premstl.it\/#organization","name":"Premstlahof - Martell","url":"https:\/\/www.premstl.it\/","logo":{"@type":"ImageObject","inLanguage":"it-IT","@id":"https:\/\/www.premstl.it\/#\/schema\/logo\/image\/","url":"https:\/\/www.premstl.it\/wp-content\/uploads\/2022\/08\/Logo_Premstlahof.png","contentUrl":"https:\/\/www.premstl.it\/wp-content\/uploads\/2022\/08\/Logo_Premstlahof.png","width":387,"height":405,"caption":"Premstlahof - Martell"},"image":{"@id":"https:\/\/www.premstl.it\/#\/schema\/logo\/image\/"},"sameAs":["https:\/\/www.facebook.com\/people\/Premstlahof\/100063920710964\/","https:\/\/www.instagram.com\/ferienhuette_premstlahof\/"]}]}},"_links":{"self":[{"href":"https:\/\/www.premstl.it\/it\/wp-json\/wp\/v2\/pages\/1040","targetHints":{"allow":["GET"]}}],"collection":[{"href":"https:\/\/www.premstl.it\/it\/wp-json\/wp\/v2\/pages"}],"about":[{"href":"https:\/\/www.premstl.it\/it\/wp-json\/wp\/v2\/types\/page"}],"author":[{"embeddable":true,"href":"https:\/\/www.premstl.it\/it\/wp-json\/wp\/v2\/users\/3"}],"replies":[{"embeddable":true,"href":"https:\/\/www.premstl.it\/it\/wp-json\/wp\/v2\/comments?post=1040"}],"version-history":[{"count":12,"href":"https:\/\/www.premstl.it\/it\/wp-json\/wp\/v2\/pages\/1040\/revisions"}],"predecessor-version":[{"id":2196,"href":"https:\/\/www.premstl.it\/it\/wp-json\/wp\/v2\/pages\/1040\/revisions\/2196"}],"wp:attachment":[{"href":"https:\/\/www.premstl.it\/it\/wp-json\/wp\/v2\/media?parent=1040"}],"curies":[{"name":"wp","href":"https:\/\/api.w.org\/{rel}","templated":true}]}}